{"id":4056,"date":"2024-02-01T16:21:41","date_gmt":"2024-02-01T16:21:41","guid":{"rendered":"https:\/\/barcinodesigns.com\/politique-de-confidentialite\/"},"modified":"2025-04-23T17:50:28","modified_gmt":"2025-04-23T17:50:28","slug":"politique-de-confidentialite","status":"publish","type":"page","link":"https:\/\/barcinodesigns.com\/fr\/politique-de-confidentialite\/","title":{"rendered":"Politique de confidentialit\u00e9"},"content":{"rendered":"<p><div id=\"5\" class=\"fusion-container-anchor\"><div class=\"fusion-fullwidth fullwidth-box fusion-builder-row-1 fusion-flex-container video-background has-pattern-background has-mask-background nonhundred-percent-fullwidth non-hundred-percent-height-scrolling\" style=\"--awb-border-radius-top-left:0px;--awb-border-radius-top-right:0px;--awb-border-radius-bottom-right:0px;--awb-border-radius-bottom-left:0px;--awb-margin-top:0px;--awb-margin-bottom:0px;--awb-min-height:450px;--awb-background-image:linear-gradient(45deg, var(--awb-color7) 0%,rgba(255,255,255,0) 59%);--awb-background-size:cover;--awb-flex-wrap:wrap;\" ><div class=\"fullwidth-video\"><video preload=\"auto\" autoplay playsinline loop muted><source src=\"https:\/\/barcinodesigns.com\/wp-content\/uploads\/2024\/01\/BAR_background-1_01_baja_1920x1080.mp4\" type=\"video\/mp4\"><\/video><\/div><div class=\"fullwidth-overlay\" style=\"background-image: linear-gradient(45deg, var(--awb-color7) 0%,rgba(255,255,255,0) 59%);\"><\/div><div class=\"fusion-builder-row fusion-row fusion-flex-align-items-center fusion-flex-justify-content-center fusion-flex-content-wrap\" style=\"max-width:1248px;margin-left: calc(-4% \/ 2 );margin-right: calc(-4% \/ 2 );\"><div class=\"fusion-layout-column fusion_builder_column fusion-builder-column-0 fusion_builder_column_1_1 1_1 fusion-flex-column\" style=\"--awb-padding-left:36px;--awb-padding-left-small:0px;--awb-bg-size:cover;--awb-width-large:100%;--awb-margin-top-large:64px;--awb-spacing-right-large:1.92%;--awb-margin-bottom-large:20px;--awb-spacing-left-large:1.92%;--awb-width-medium:100%;--awb-order-medium:0;--awb-spacing-right-medium:1.92%;--awb-spacing-left-medium:1.92%;--awb-width-small:100%;--awb-order-small:0;--awb-spacing-right-small:1.92%;--awb-spacing-left-small:1.92%;\"><div class=\"fusion-column-wrapper fusion-column-has-shadow fusion-flex-justify-content-flex-start fusion-content-layout-column\"><div class=\"fusion-text fusion-text-1\" style=\"--awb-content-alignment:center;--awb-font-size:var(--awb-typography4-font-size);--awb-line-height:var(--awb-typography4-line-height);--awb-letter-spacing:var(--awb-typography4-letter-spacing);--awb-text-transform:var(--awb-typography4-text-transform);--awb-text-font-family:&quot;Montserrat&quot;;--awb-text-font-style:normal;--awb-text-font-weight:700;\"><p>BARCINO<\/p>\n<\/div><div class=\"fusion-title title fusion-title-1 fusion-sep-none fusion-title-center fusion-title-text fusion-title-size-one\" style=\"--awb-margin-top:0px;--awb-font-size:50px;\"><h1 class=\"fusion-title-heading title-heading-center\" style=\"font-family:var(--awb-typography1-font-family);font-weight:var(--awb-typography1-font-weight);font-style:var(--awb-typography1-font-style);margin:0;font-size:1em;line-height:1.2em;text-shadow:0px 2px 9px var(--awb-color7);\">Politique de confidentialit\u00e9<\/h1><\/div><\/div><\/div><\/div><\/div><\/div><div id=\"2\" class=\"fusion-container-anchor\"><div class=\"fusion-fullwidth fullwidth-box fusion-builder-row-2 fusion-flex-container has-pattern-background has-mask-background nonhundred-percent-fullwidth non-hundred-percent-height-scrolling\" style=\"--awb-border-radius-top-left:0px;--awb-border-radius-top-right:0px;--awb-border-radius-bottom-right:0px;--awb-border-radius-bottom-left:0px;--awb-padding-top:24px;--awb-padding-right:24px;--awb-padding-bottom:24px;--awb-padding-left:24px;--awb-margin-top:0px;--awb-margin-bottom:0px;--awb-background-color:var(--awb-color3);--awb-background-size:cover;--awb-flex-wrap:wrap;\" ><div class=\"fusion-builder-row fusion-row fusion-flex-align-items-flex-start fusion-flex-align-content-center fusion-flex-content-wrap\" style=\"max-width:1248px;margin-left: calc(-4% \/ 2 );margin-right: calc(-4% \/ 2 );\"><div class=\"fusion-layout-column fusion_builder_column fusion-builder-column-1 awb-sticky awb-sticky-small awb-sticky-medium awb-sticky-large fusion_builder_column_1_5 1_5 fusion-flex-column fusion-no-small-visibility\" style=\"--awb-bg-size:cover;--awb-width-large:20%;--awb-margin-top-large:0px;--awb-spacing-right-large:9.6%;--awb-margin-bottom-large:20px;--awb-spacing-left-large:9.6%;--awb-width-medium:20%;--awb-order-medium:0;--awb-spacing-right-medium:9.6%;--awb-spacing-left-medium:9.6%;--awb-width-small:100%;--awb-order-small:0;--awb-spacing-right-small:1.92%;--awb-spacing-left-small:1.92%;\"><div class=\"fusion-column-wrapper fusion-column-has-shadow fusion-flex-justify-content-flex-start fusion-content-layout-column\"><div class=\"fusion-image-element \" style=\"text-align:right;--awb-max-width:100px;--awb-caption-title-font-family:var(--h2_typography-font-family);--awb-caption-title-font-weight:var(--h2_typography-font-weight);--awb-caption-title-font-style:var(--h2_typography-font-style);--awb-caption-title-size:var(--h2_typography-font-size);--awb-caption-title-transform:var(--h2_typography-text-transform);--awb-caption-title-line-height:var(--h2_typography-line-height);--awb-caption-title-letter-spacing:var(--h2_typography-letter-spacing);\"><span class=\" fusion-imageframe imageframe-none imageframe-1 hover-type-none\"><img decoding=\"async\" width=\"200\" height=\"200\" title=\"bar_simbol_blau\" src=\"https:\/\/barcinodesigns.com\/wp-content\/uploads\/2024\/01\/bar_simbol_blau.png\" alt class=\"img-responsive wp-image-782\" srcset=\"https:\/\/barcinodesigns.com\/wp-content\/uploads\/2024\/01\/bar_simbol_blau-66x66.png 66w, https:\/\/barcinodesigns.com\/wp-content\/uploads\/2024\/01\/bar_simbol_blau-150x150.png 150w, https:\/\/barcinodesigns.com\/wp-content\/uploads\/2024\/01\/bar_simbol_blau.png 200w\" sizes=\"(max-width: 200px) 100vw, 200px\" \/><\/span><\/div><\/div><\/div><div class=\"fusion-layout-column fusion_builder_column fusion-builder-column-2 fusion_builder_column_4_5 4_5 fusion-flex-column\" style=\"--awb-bg-size:cover;--awb-width-large:80%;--awb-margin-top-large:0px;--awb-spacing-right-large:2.4%;--awb-margin-bottom-large:20px;--awb-spacing-left-large:2.4%;--awb-width-medium:80%;--awb-order-medium:0;--awb-spacing-right-medium:2.4%;--awb-spacing-left-medium:2.4%;--awb-width-small:100%;--awb-order-small:0;--awb-spacing-right-small:1.92%;--awb-spacing-left-small:1.92%;\"><div class=\"fusion-column-wrapper fusion-column-has-shadow fusion-flex-justify-content-flex-start fusion-content-layout-column\"><div class=\"fusion-text fusion-text-2\" style=\"--awb-font-size:var(--awb-typography4-font-size);--awb-line-height:var(--awb-typography4-line-height);--awb-letter-spacing:var(--awb-typography4-letter-spacing);--awb-text-transform:var(--awb-typography4-text-transform);--awb-text-color:var(--awb-color7);--awb-text-font-family:var(--awb-typography4-font-family);--awb-text-font-weight:var(--awb-typography4-font-weight);--awb-text-font-style:var(--awb-typography4-font-style);\"><h2><b>Identification de la personne responsable<\/b><\/h2>\n<p><span style=\"font-weight: 400;\">Conform\u00e9ment au R\u00e8glement g\u00e9n\u00e9ral sur la protection des donn\u00e9es (R\u00e8glement UE 2016\/679) et \u00e0 la Loi organique 3\/2018, sur la protection des donn\u00e9es personnelles et la garantie des droits num\u00e9riques, nous vous informons que le responsable du traitement de vos donn\u00e9es personnelles est :<\/span><span style=\"font-weight: 400;\"><br \/>\n<\/span><span style=\"font-weight: 400;\"><br \/>\n<\/span><span style=\"font-weight: 400;\">BARCINO R+D FORMES I COLORS, S.L., ci-apr\u00e8s BARCINO DESIGNS<\/span><span style=\"font-weight: 400;\"><br \/>\n<\/span><span style=\"font-weight: 400;\">NUM\u00c9RO DE TVA : B61855698<\/span><span style=\"font-weight: 400;\"><br \/>\n<\/span><span style=\"font-weight: 400;\">Adresse : Calle Fusteria, n\u00ba 6, 08002, Barcelona (Espagne)<\/span><span style=\"font-weight: 400;\"><br \/>\n<\/span><span style=\"font-weight: 400;\">T\u00e9l\u00e9phone : 933 194 188<\/span><span style=\"font-weight: 400;\"><br \/>\n<\/span><span style=\"font-weight: 400;\">Courriel : info@barcinodesigns.com<\/span><\/p>\n<h2><b>Finalit\u00e9 du traitement des donn\u00e9es<\/b><\/h2>\n<p><span style=\"font-weight: 400;\">BARCINO DESIGNS traite vos donn\u00e9es personnelles aux fins suivantes :<\/span><span style=\"font-weight: 400;\"><br \/>\n<\/span><span style=\"font-weight: 400;\">&#8211; Pour traiter les questions et les demandes que vous nous envoyez par le biais de nos formulaires de contact.<\/span><span style=\"font-weight: 400;\"><br \/>\n<\/span><span style=\"font-weight: 400;\">&#8211; Pour vous envoyer des communications commerciales sur nos produits et services, \u00e0 condition que vous nous ayez donn\u00e9 votre accord.<\/span><span style=\"font-weight: 400;\"><br \/>\n<\/span><span style=\"font-weight: 400;\">&#8211; G\u00e9rer vos achats, ainsi que la livraison des produits achet\u00e9s par l&rsquo;interm\u00e9diaire de nos canaux de vente.<\/span><\/p>\n<h2><b>Base juridique du traitement<\/b><\/h2>\n<p><span style=\"font-weight: 400;\">Le traitement de vos donn\u00e9es est bas\u00e9 sur :<\/span><span style=\"font-weight: 400;\"><br \/>\n<\/span><span style=\"font-weight: 400;\">&#8211; Votre consentement libre, \u00e9clair\u00e9 et sans ambigu\u00eft\u00e9.<\/span><span style=\"font-weight: 400;\"><br \/>\n<\/span><span style=\"font-weight: 400;\">&#8211; L&rsquo;ex\u00e9cution d&rsquo;un contrat ou l&rsquo;application de mesures pr\u00e9contractuelles.<\/span><span style=\"font-weight: 400;\"><br \/>\n<\/span><span style=\"font-weight: 400;\">&#8211; Respect des obligations l\u00e9gales applicables \u00e0 BARCINO DESIGNS.<\/span><\/p>\n<h2><b>P\u00e9riode de conservation des donn\u00e9es<\/b><\/h2>\n<p><span style=\"font-weight: 400;\">Vos donn\u00e9es seront conserv\u00e9es aussi longtemps que la relation contractuelle ou commerciale est maintenue ou jusqu&rsquo;\u00e0 ce que vous demandiez leur suppression. Une fois cette relation termin\u00e9e, les donn\u00e9es resteront bloqu\u00e9es pendant les p\u00e9riodes pr\u00e9vues par la loi, dans le seul but de r\u00e9pondre \u00e0 d&rsquo;\u00e9ventuelles responsabilit\u00e9s l\u00e9gales. <\/span><\/p>\n<h2><b>Destinataires des donn\u00e9es<\/b><\/h2>\n<p><span style=\"font-weight: 400;\">Nous ne transmettons pas vos donn\u00e9es personnelles \u00e0 des tiers, sauf si cela est n\u00e9cessaire pour vous fournir un service (comme les plateformes de paiement ou les entreprises de messagerie) ou s&rsquo;il existe une obligation l\u00e9gale de le faire. Dans tous les cas, nous garantissons que ces tiers respectent les r\u00e9glementations applicables en mati\u00e8re de protection des donn\u00e9es. <\/span><\/p>\n<h2><b>Droits de l&rsquo;utilisateur<\/b><\/h2>\n<p><span style=\"font-weight: 400;\">Vous avez le droit de :<\/span><span style=\"font-weight: 400;\"><br \/>\n<\/span><span style=\"font-weight: 400;\">&#8211; Acc\u00e9der \u00e0 vos donn\u00e9es personnelles.<\/span><span style=\"font-weight: 400;\"><br \/>\n<\/span><span style=\"font-weight: 400;\">&#8211; Demander sa rectification ou son effacement.<\/span><span style=\"font-weight: 400;\"><br \/>\n<\/span><span style=\"font-weight: 400;\">&#8211; Limiter leur traitement ou s&rsquo;y opposer.<\/span><span style=\"font-weight: 400;\"><br \/>\n<\/span><span style=\"font-weight: 400;\">&#8211; Demander la portabilit\u00e9 de vos donn\u00e9es.<\/span><span style=\"font-weight: 400;\"><br \/>\n<\/span><span style=\"font-weight: 400;\">&#8211; Retirer votre consentement \u00e0 tout moment.<\/span><span style=\"font-weight: 400;\"><br \/>\n<\/span><span style=\"font-weight: 400;\"><br \/>\n<\/span><span style=\"font-weight: 400;\">Pour exercer ces droits, vous pouvez nous \u00e9crire \u00e0 info@barcinodesigns.com ou nous envoyer une demande par courrier \u00e0 l&rsquo;adresse ci-dessus.<\/span><span style=\"font-weight: 400;\"><br \/>\n<\/span><span style=\"font-weight: 400;\"><br \/>\n<\/span><span style=\"font-weight: 400;\">En outre, si vous estimez que votre droit \u00e0 la protection des donn\u00e9es a \u00e9t\u00e9 viol\u00e9, vous pouvez d\u00e9poser une plainte aupr\u00e8s de l&rsquo;Agence espagnole de protection des donn\u00e9es : www.aepd.es<\/span><\/p>\n<h2><b>Mesures de s\u00e9curit\u00e9<\/b><\/h2>\n<p><span style=\"font-weight: 400;\">BARCINO DESIGNS applique les mesures techniques et organisationnelles n\u00e9cessaires pour garantir la s\u00e9curit\u00e9 de vos donn\u00e9es personnelles, en \u00e9vitant leur perte, leur alt\u00e9ration ou leur acc\u00e8s non autoris\u00e9, en fonction du type de donn\u00e9es trait\u00e9es et de l&rsquo;\u00e9tat de la technologie.<\/span><\/p>\n<h2><b>Modifications<\/b><\/h2>\n<p><span style=\"font-weight: 400;\">BARCINO DESIGNS se r\u00e9serve le droit de modifier \u00e0 tout moment la pr\u00e9sente politique de confidentialit\u00e9, notamment pour l&rsquo;adapter aux nouvelles l\u00e9gislations ou jurisprudences. En cas de modifications pertinentes, nous vous en informerons d\u00fbment afin que vous puissiez en prendre connaissance et, le cas \u00e9ch\u00e9ant, donner votre consentement mis \u00e0 jour. <\/span><\/p>\n<\/div><\/div><\/div><\/div><\/div><\/div><\/p>\n","protected":false},"excerpt":{"rendered":"","protected":false},"author":1,"featured_media":0,"parent":0,"menu_order":0,"comment_status":"closed","ping_status":"closed","template":"100-width.php","meta":{"footnotes":""},"class_list":["post-4056","page","type-page","status-publish","hentry"],"_links":{"self":[{"href":"https:\/\/barcinodesigns.com\/fr\/wp-json\/wp\/v2\/pages\/4056","targetHints":{"allow":["GET"]}}],"collection":[{"href":"https:\/\/barcinodesigns.com\/fr\/wp-json\/wp\/v2\/pages"}],"about":[{"href":"https:\/\/barcinodesigns.com\/fr\/wp-json\/wp\/v2\/types\/page"}],"author":[{"embeddable":true,"href":"https:\/\/barcinodesigns.com\/fr\/wp-json\/wp\/v2\/users\/1"}],"replies":[{"embeddable":true,"href":"https:\/\/barcinodesigns.com\/fr\/wp-json\/wp\/v2\/comments?post=4056"}],"version-history":[{"count":5,"href":"https:\/\/barcinodesigns.com\/fr\/wp-json\/wp\/v2\/pages\/4056\/revisions"}],"predecessor-version":[{"id":4125,"href":"https:\/\/barcinodesigns.com\/fr\/wp-json\/wp\/v2\/pages\/4056\/revisions\/4125"}],"wp:attachment":[{"href":"https:\/\/barcinodesigns.com\/fr\/wp-json\/wp\/v2\/media?parent=4056"}],"curies":[{"name":"wp","href":"https:\/\/api.w.org\/{rel}","templated":true}]}}