{"id":4029,"date":"2024-02-01T16:05:34","date_gmt":"2024-02-01T16:05:34","guid":{"rendered":"https:\/\/barcinodesigns.com\/avis-juridique\/"},"modified":"2025-04-23T17:49:56","modified_gmt":"2025-04-23T17:49:56","slug":"avis-juridique","status":"publish","type":"page","link":"https:\/\/barcinodesigns.com\/fr\/avis-juridique\/","title":{"rendered":"Avis juridique"},"content":{"rendered":"<p><div id=\"5\" class=\"fusion-container-anchor\"><div class=\"fusion-fullwidth fullwidth-box fusion-builder-row-1 fusion-flex-container video-background has-pattern-background has-mask-background nonhundred-percent-fullwidth non-hundred-percent-height-scrolling\" style=\"--awb-border-radius-top-left:0px;--awb-border-radius-top-right:0px;--awb-border-radius-bottom-right:0px;--awb-border-radius-bottom-left:0px;--awb-margin-top:0px;--awb-margin-bottom:0px;--awb-min-height:450px;--awb-background-image:linear-gradient(45deg, var(--awb-color7) 0%,rgba(255,255,255,0) 59%);--awb-background-size:cover;--awb-flex-wrap:wrap;\" ><div class=\"fullwidth-video\"><video preload=\"auto\" autoplay playsinline loop muted><source src=\"https:\/\/barcinodesigns.com\/wp-content\/uploads\/2024\/01\/BAR_background-1_01_baja_1920x1080.mp4\" type=\"video\/mp4\"><\/video><\/div><div class=\"fullwidth-overlay\" style=\"background-image: linear-gradient(45deg, var(--awb-color7) 0%,rgba(255,255,255,0) 59%);\"><\/div><div class=\"fusion-builder-row fusion-row fusion-flex-align-items-center fusion-flex-justify-content-center fusion-flex-content-wrap\" style=\"max-width:1248px;margin-left: calc(-4% \/ 2 );margin-right: calc(-4% \/ 2 );\"><div class=\"fusion-layout-column fusion_builder_column fusion-builder-column-0 fusion_builder_column_1_1 1_1 fusion-flex-column\" style=\"--awb-bg-size:cover;--awb-width-large:100%;--awb-margin-top-large:64px;--awb-spacing-right-large:1.92%;--awb-margin-bottom-large:20px;--awb-spacing-left-large:1.92%;--awb-width-medium:100%;--awb-order-medium:0;--awb-spacing-right-medium:1.92%;--awb-spacing-left-medium:1.92%;--awb-width-small:100%;--awb-order-small:0;--awb-spacing-right-small:1.92%;--awb-spacing-left-small:1.92%;\" data-scroll-devices=\"small-visibility,medium-visibility,large-visibility\"><div class=\"fusion-column-wrapper fusion-column-has-shadow fusion-flex-justify-content-flex-start fusion-content-layout-column\"><div class=\"fusion-text fusion-text-1\" style=\"--awb-content-alignment:center;--awb-font-size:var(--awb-typography4-font-size);--awb-line-height:var(--awb-typography4-line-height);--awb-letter-spacing:var(--awb-typography4-letter-spacing);--awb-text-transform:var(--awb-typography4-text-transform);--awb-text-font-family:&quot;Montserrat&quot;;--awb-text-font-style:normal;--awb-text-font-weight:700;\"><p>BARCINO<\/p>\n<\/div><div class=\"fusion-title title fusion-title-1 fusion-sep-none fusion-title-center fusion-title-text fusion-title-size-one\" style=\"--awb-margin-top:0px;--awb-font-size:50px;\"><h1 class=\"fusion-title-heading title-heading-center\" style=\"font-family:var(--awb-typography1-font-family);font-weight:var(--awb-typography1-font-weight);font-style:var(--awb-typography1-font-style);margin:0;font-size:1em;line-height:1.2em;text-shadow:0px 2px 9px var(--awb-color7);\">Avis juridique<\/h1><\/div><\/div><\/div><\/div><\/div><\/div><div id=\"2\" class=\"fusion-container-anchor\"><div class=\"fusion-fullwidth fullwidth-box fusion-builder-row-2 fusion-flex-container has-pattern-background has-mask-background nonhundred-percent-fullwidth non-hundred-percent-height-scrolling\" style=\"--awb-border-radius-top-left:0px;--awb-border-radius-top-right:0px;--awb-border-radius-bottom-right:0px;--awb-border-radius-bottom-left:0px;--awb-padding-top:24px;--awb-padding-right:24px;--awb-padding-bottom:24px;--awb-padding-left:24px;--awb-margin-top:0px;--awb-margin-bottom:0px;--awb-background-color:var(--awb-color3);--awb-background-size:cover;--awb-flex-wrap:wrap;\" ><div class=\"fusion-builder-row fusion-row fusion-flex-align-items-flex-start fusion-flex-align-content-center fusion-flex-content-wrap\" style=\"max-width:1248px;margin-left: calc(-4% \/ 2 );margin-right: calc(-4% \/ 2 );\"><div class=\"fusion-layout-column fusion_builder_column fusion-builder-column-1 awb-sticky awb-sticky-small awb-sticky-medium awb-sticky-large fusion_builder_column_1_5 1_5 fusion-flex-column fusion-no-small-visibility\" style=\"--awb-bg-size:cover;--awb-width-large:20%;--awb-margin-top-large:0px;--awb-spacing-right-large:9.6%;--awb-margin-bottom-large:20px;--awb-spacing-left-large:9.6%;--awb-width-medium:20%;--awb-order-medium:0;--awb-spacing-right-medium:9.6%;--awb-spacing-left-medium:9.6%;--awb-width-small:100%;--awb-order-small:0;--awb-spacing-right-small:1.92%;--awb-spacing-left-small:1.92%;\"><div class=\"fusion-column-wrapper fusion-column-has-shadow fusion-flex-justify-content-flex-start fusion-content-layout-column\"><div class=\"fusion-image-element \" style=\"text-align:right;--awb-max-width:100px;--awb-caption-title-font-family:var(--h2_typography-font-family);--awb-caption-title-font-weight:var(--h2_typography-font-weight);--awb-caption-title-font-style:var(--h2_typography-font-style);--awb-caption-title-size:var(--h2_typography-font-size);--awb-caption-title-transform:var(--h2_typography-text-transform);--awb-caption-title-line-height:var(--h2_typography-line-height);--awb-caption-title-letter-spacing:var(--h2_typography-letter-spacing);\"><span class=\" fusion-imageframe imageframe-none imageframe-1 hover-type-none\"><img decoding=\"async\" width=\"200\" height=\"200\" title=\"bar_simbol_blau\" src=\"https:\/\/barcinodesigns.com\/wp-content\/uploads\/2024\/01\/bar_simbol_blau.png\" alt class=\"img-responsive wp-image-782\" srcset=\"https:\/\/barcinodesigns.com\/wp-content\/uploads\/2024\/01\/bar_simbol_blau-66x66.png 66w, https:\/\/barcinodesigns.com\/wp-content\/uploads\/2024\/01\/bar_simbol_blau-150x150.png 150w, https:\/\/barcinodesigns.com\/wp-content\/uploads\/2024\/01\/bar_simbol_blau.png 200w\" sizes=\"(max-width: 200px) 100vw, 200px\" \/><\/span><\/div><\/div><\/div><div class=\"fusion-layout-column fusion_builder_column fusion-builder-column-2 fusion_builder_column_4_5 4_5 fusion-flex-column\" style=\"--awb-bg-size:cover;--awb-width-large:80%;--awb-margin-top-large:0px;--awb-spacing-right-large:2.4%;--awb-margin-bottom-large:20px;--awb-spacing-left-large:2.4%;--awb-width-medium:80%;--awb-order-medium:0;--awb-spacing-right-medium:2.4%;--awb-spacing-left-medium:2.4%;--awb-width-small:100%;--awb-order-small:0;--awb-spacing-right-small:1.92%;--awb-spacing-left-small:1.92%;\"><div class=\"fusion-column-wrapper fusion-column-has-shadow fusion-flex-justify-content-flex-start fusion-content-layout-column\"><div class=\"fusion-text fusion-text-2\" style=\"--awb-font-size:var(--awb-typography4-font-size);--awb-line-height:var(--awb-typography4-line-height);--awb-letter-spacing:var(--awb-typography4-letter-spacing);--awb-text-transform:var(--awb-typography4-text-transform);--awb-text-color:var(--awb-color7);--awb-text-font-family:var(--awb-typography4-font-family);--awb-text-font-weight:var(--awb-typography4-font-weight);--awb-text-font-style:var(--awb-typography4-font-style);\"><p><span style=\"font-weight: 400;\">Conform\u00e9ment aux dispositions de la <strong>loi 34\/2002<\/strong>, du 11 juillet, sur les services de la soci\u00e9t\u00e9 de l&rsquo;information et le commerce \u00e9lectronique (LSSI-CE), nous vous informons que ce site web est la propri\u00e9t\u00e9 de :<\/span><\/p>\n<p><span style=\"font-weight: 400;\">Nom de la soci\u00e9t\u00e9 : <strong>BARCINO R+D FORMES I COLORS, S.L.<\/strong> (ci-apr\u00e8s <strong>BARCINO DESIGNS<\/strong>)<br \/>\n<\/span><span style=\"font-weight: 400;\">NUM\u00c9RO DE TVA : B61855698<br \/>\n<\/span><span style=\"font-weight: 400;\">Si\u00e8ge social : Calle Fusteria, num\u00e9ro 6, 08002, Barcelone (Espagne)<br \/>\n<\/span><span style=\"font-weight: 400;\">T\u00e9l\u00e9phone : 933 194 188<br \/>\n<\/span><span style=\"font-weight: 400;\">Courriel de contact : info@barcinodesigns.com<br \/>\n<\/span><span style=\"font-weight: 400;\">Site web : www.barcinodesigns.com<\/span><\/p>\n<p><span style=\"font-weight: 400;\"><strong>BARCINO DESIGNS<\/strong> est une entreprise bas\u00e9e \u00e0 Barcelone qui se consacre \u00e0 la conception et \u00e0 la fabrication de sculptures d\u00e9coratives en mosa\u00efque de style moderne et d&rsquo;inspiration moderniste en utilisant la technique de Gaud\u00ed trencad\u00eds.<\/span><\/p>\n<p><span style=\"font-weight: 400;\">L&rsquo;acc\u00e8s et l&rsquo;utilisation de ce site Internet attribue la condition d&rsquo;utilisateur, impliquant l&rsquo;acceptation totale et sans r\u00e9serve des conditions contenues dans le pr\u00e9sent avis juridique, qui peuvent \u00eatre modifi\u00e9es par <strong>BARCINO DESIGNS<\/strong> \u00e0 tout moment, sans pr\u00e9avis.<\/span><\/p>\n<p><span style=\"font-weight: 400;\">Le traitement des donn\u00e9es personnelles collect\u00e9es sur ce site a pour finalit\u00e9 la gestion des clients, des demandes et l&rsquo;envoi de communications informatives et commerciales relatives aux produits et services de <strong>BARCINO DESIGNS<\/strong>.<\/span><\/p>\n<p><span style=\"font-weight: 400;\">La base juridique du traitement des donn\u00e9es est le consentement de l&rsquo;utilisateur, ainsi que l&rsquo;ex\u00e9cution d&rsquo;un contrat ou d&rsquo;une relation pr\u00e9contractuelle le cas \u00e9ch\u00e9ant. L&rsquo;utilisateur peut r\u00e9voquer ce consentement \u00e0 tout moment sans que cela n&rsquo;affecte la l\u00e9galit\u00e9 du traitement fond\u00e9 sur le consentement pr\u00e9alable. <\/span><\/p>\n<p><span style=\"font-weight: 400;\">Les donn\u00e9es \u00e0 caract\u00e8re personnel sont conserv\u00e9es pendant la dur\u00e9e n\u00e9cessaire \u00e0 la r\u00e9alisation de l&rsquo;objectif pour lequel elles ont \u00e9t\u00e9 collect\u00e9es, apr\u00e8s quoi elles sont d\u00fbment bloqu\u00e9es conform\u00e9ment aux d\u00e9lais de conservation l\u00e9gaux.<\/span><\/p>\n<p><span style=\"font-weight: 400;\">L&rsquo;utilisateur dispose d&rsquo;un droit d&rsquo;acc\u00e8s, de rectification et de suppression de ses donn\u00e9es, ainsi que d&rsquo;autres droits, qu&rsquo;il peut exercer en \u00e9crivant \u00e0 BARCINO DESIGNS, Calle Fusteria, 6, 08002 Barcelona, ou en envoyant un courrier \u00e9lectronique \u00e0 info@barcinodesigns.com.<\/span><\/p>\n<p><span style=\"font-weight: 400;\"><strong>BARCINO DESIGNS<\/strong> s&rsquo;engage \u00e0 garantir la s\u00e9curit\u00e9 et la confidentialit\u00e9 des donn\u00e9es personnelles, en adoptant les mesures n\u00e9cessaires pour \u00e9viter leur alt\u00e9ration, perte, traitement ou acc\u00e8s non autoris\u00e9, conform\u00e9ment au R\u00e8glement g\u00e9n\u00e9ral sur la protection des donn\u00e9es (RGPD).<\/span><\/p>\n<p><span style=\"font-weight: 400;\">La propri\u00e9t\u00e9 intellectuelle et industrielle de tous les contenus du site web, y compris les textes, les images, les dessins et les logos, appartient \u00e0 BARCINO DESIGNS, ou dispose des droits n\u00e9cessaires pour son utilisation et sa reproduction. Toute reproduction totale ou partielle sans autorisation expresse est interdite. <\/span><\/p>\n<p><span style=\"font-weight: 400;\">Ce site peut contenir des liens vers des sites externes sur lesquels BARCINO DESIGNS n&rsquo;a aucun contr\u00f4le. Par cons\u00e9quent, il n&rsquo;est pas responsable du contenu, des politiques de confidentialit\u00e9 ou du traitement des donn\u00e9es que ces pages peuvent effectuer. <\/span><\/p>\n<p><span style=\"font-weight: 400;\"><strong>BARCINO DESIGNS<\/strong> peut modifier cet avis juridique \u00e0 tout moment, en l&rsquo;adaptant \u00e0 la nouvelle l\u00e9gislation ou \u00e0 l&rsquo;\u00e9volution de son activit\u00e9, en informant l&rsquo;utilisateur de tout changement pertinent affectant le traitement des donn\u00e9es personnelles.<\/span><\/p>\n<\/div><\/div><\/div><\/div><\/div><\/div><\/p>\n","protected":false},"excerpt":{"rendered":"","protected":false},"author":1,"featured_media":0,"parent":0,"menu_order":0,"comment_status":"closed","ping_status":"closed","template":"100-width.php","meta":{"footnotes":""},"class_list":["post-4029","page","type-page","status-publish","hentry"],"_links":{"self":[{"href":"https:\/\/barcinodesigns.com\/fr\/wp-json\/wp\/v2\/pages\/4029","targetHints":{"allow":["GET"]}}],"collection":[{"href":"https:\/\/barcinodesigns.com\/fr\/wp-json\/wp\/v2\/pages"}],"about":[{"href":"https:\/\/barcinodesigns.com\/fr\/wp-json\/wp\/v2\/types\/page"}],"author":[{"embeddable":true,"href":"https:\/\/barcinodesigns.com\/fr\/wp-json\/wp\/v2\/users\/1"}],"replies":[{"embeddable":true,"href":"https:\/\/barcinodesigns.com\/fr\/wp-json\/wp\/v2\/comments?post=4029"}],"version-history":[{"count":5,"href":"https:\/\/barcinodesigns.com\/fr\/wp-json\/wp\/v2\/pages\/4029\/revisions"}],"predecessor-version":[{"id":4122,"href":"https:\/\/barcinodesigns.com\/fr\/wp-json\/wp\/v2\/pages\/4029\/revisions\/4122"}],"wp:attachment":[{"href":"https:\/\/barcinodesigns.com\/fr\/wp-json\/wp\/v2\/media?parent=4029"}],"curies":[{"name":"wp","href":"https:\/\/api.w.org\/{rel}","templated":true}]}}