{"id":1501,"date":"2024-02-01T16:21:41","date_gmt":"2024-02-01T16:21:41","guid":{"rendered":"https:\/\/barcinodesigns.com\/politica-de-privacidad"},"modified":"2025-04-23T17:49:51","modified_gmt":"2025-04-23T17:49:51","slug":"politica-de-privacidad","status":"publish","type":"page","link":"https:\/\/barcinodesigns.com\/es\/politica-de-privacidad\/","title":{"rendered":"Pol\u00edtica de privacidad"},"content":{"rendered":"<p><div id=\"5\" class=\"fusion-container-anchor\"><div class=\"fusion-fullwidth fullwidth-box fusion-builder-row-1 fusion-flex-container video-background has-pattern-background has-mask-background nonhundred-percent-fullwidth non-hundred-percent-height-scrolling\" style=\"--awb-border-radius-top-left:0px;--awb-border-radius-top-right:0px;--awb-border-radius-bottom-right:0px;--awb-border-radius-bottom-left:0px;--awb-margin-top:0px;--awb-margin-bottom:0px;--awb-min-height:450px;--awb-background-image:linear-gradient(45deg, var(--awb-color7) 0%,rgba(255,255,255,0) 59%);--awb-background-size:cover;--awb-flex-wrap:wrap;\" ><div class=\"fullwidth-video\"><video preload=\"auto\" autoplay playsinline loop muted><source src=\"https:\/\/barcinodesigns.com\/wp-content\/uploads\/2024\/01\/BAR_background-1_01_baja_1920x1080.mp4\" type=\"video\/mp4\"><\/video><\/div><div class=\"fullwidth-overlay\" style=\"background-image: linear-gradient(45deg, var(--awb-color7) 0%,rgba(255,255,255,0) 59%);\"><\/div><div class=\"fusion-builder-row fusion-row fusion-flex-align-items-center fusion-flex-justify-content-center fusion-flex-content-wrap\" style=\"max-width:1248px;margin-left: calc(-4% \/ 2 );margin-right: calc(-4% \/ 2 );\"><div class=\"fusion-layout-column fusion_builder_column fusion-builder-column-0 fusion_builder_column_1_1 1_1 fusion-flex-column\" style=\"--awb-padding-left:36px;--awb-padding-left-small:0px;--awb-bg-size:cover;--awb-width-large:100%;--awb-margin-top-large:64px;--awb-spacing-right-large:1.92%;--awb-margin-bottom-large:20px;--awb-spacing-left-large:1.92%;--awb-width-medium:100%;--awb-order-medium:0;--awb-spacing-right-medium:1.92%;--awb-spacing-left-medium:1.92%;--awb-width-small:100%;--awb-order-small:0;--awb-spacing-right-small:1.92%;--awb-spacing-left-small:1.92%;\"><div class=\"fusion-column-wrapper fusion-column-has-shadow fusion-flex-justify-content-flex-start fusion-content-layout-column\"><div class=\"fusion-text fusion-text-1\" style=\"--awb-content-alignment:center;--awb-font-size:var(--awb-typography4-font-size);--awb-line-height:var(--awb-typography4-line-height);--awb-letter-spacing:var(--awb-typography4-letter-spacing);--awb-text-transform:var(--awb-typography4-text-transform);--awb-text-font-family:&quot;Montserrat&quot;;--awb-text-font-style:normal;--awb-text-font-weight:700;\"><p>BARCINO<\/p>\n<\/div><div class=\"fusion-title title fusion-title-1 fusion-sep-none fusion-title-center fusion-title-text fusion-title-size-one\" style=\"--awb-margin-top:0px;--awb-font-size:50px;\"><h1 class=\"fusion-title-heading title-heading-center\" style=\"font-family:var(--awb-typography1-font-family);font-weight:var(--awb-typography1-font-weight);font-style:var(--awb-typography1-font-style);margin:0;font-size:1em;line-height:1.2em;text-shadow:0px 2px 9px var(--awb-color7);\">Pol\u00edtica de privacidad<\/h1><\/div><\/div><\/div><\/div><\/div><\/div><div id=\"2\" class=\"fusion-container-anchor\"><div class=\"fusion-fullwidth fullwidth-box fusion-builder-row-2 fusion-flex-container has-pattern-background has-mask-background nonhundred-percent-fullwidth non-hundred-percent-height-scrolling\" style=\"--awb-border-radius-top-left:0px;--awb-border-radius-top-right:0px;--awb-border-radius-bottom-right:0px;--awb-border-radius-bottom-left:0px;--awb-padding-top:24px;--awb-padding-right:24px;--awb-padding-bottom:24px;--awb-padding-left:24px;--awb-margin-top:0px;--awb-margin-bottom:0px;--awb-background-color:var(--awb-color3);--awb-background-size:cover;--awb-flex-wrap:wrap;\" ><div class=\"fusion-builder-row fusion-row fusion-flex-align-items-flex-start fusion-flex-align-content-center fusion-flex-content-wrap\" style=\"max-width:1248px;margin-left: calc(-4% \/ 2 );margin-right: calc(-4% \/ 2 );\"><div class=\"fusion-layout-column fusion_builder_column fusion-builder-column-1 awb-sticky awb-sticky-small awb-sticky-medium awb-sticky-large fusion_builder_column_1_5 1_5 fusion-flex-column fusion-no-small-visibility\" style=\"--awb-bg-size:cover;--awb-width-large:20%;--awb-margin-top-large:0px;--awb-spacing-right-large:9.6%;--awb-margin-bottom-large:20px;--awb-spacing-left-large:9.6%;--awb-width-medium:20%;--awb-order-medium:0;--awb-spacing-right-medium:9.6%;--awb-spacing-left-medium:9.6%;--awb-width-small:100%;--awb-order-small:0;--awb-spacing-right-small:1.92%;--awb-spacing-left-small:1.92%;\"><div class=\"fusion-column-wrapper fusion-column-has-shadow fusion-flex-justify-content-flex-start fusion-content-layout-column\"><div class=\"fusion-image-element \" style=\"text-align:right;--awb-max-width:100px;--awb-caption-title-font-family:var(--h2_typography-font-family);--awb-caption-title-font-weight:var(--h2_typography-font-weight);--awb-caption-title-font-style:var(--h2_typography-font-style);--awb-caption-title-size:var(--h2_typography-font-size);--awb-caption-title-transform:var(--h2_typography-text-transform);--awb-caption-title-line-height:var(--h2_typography-line-height);--awb-caption-title-letter-spacing:var(--h2_typography-letter-spacing);\"><span class=\" fusion-imageframe imageframe-none imageframe-1 hover-type-none\"><img decoding=\"async\" width=\"200\" height=\"200\" title=\"bar_simbol_blau\" src=\"https:\/\/barcinodesigns.com\/wp-content\/uploads\/2024\/01\/bar_simbol_blau.png\" alt class=\"img-responsive wp-image-783\" srcset=\"https:\/\/barcinodesigns.com\/wp-content\/uploads\/2024\/01\/bar_simbol_blau-66x66.png 66w, https:\/\/barcinodesigns.com\/wp-content\/uploads\/2024\/01\/bar_simbol_blau-150x150.png 150w, https:\/\/barcinodesigns.com\/wp-content\/uploads\/2024\/01\/bar_simbol_blau.png 200w\" sizes=\"(max-width: 200px) 100vw, 200px\" \/><\/span><\/div><\/div><\/div><div class=\"fusion-layout-column fusion_builder_column fusion-builder-column-2 fusion_builder_column_4_5 4_5 fusion-flex-column\" style=\"--awb-bg-size:cover;--awb-width-large:80%;--awb-margin-top-large:0px;--awb-spacing-right-large:2.4%;--awb-margin-bottom-large:20px;--awb-spacing-left-large:2.4%;--awb-width-medium:80%;--awb-order-medium:0;--awb-spacing-right-medium:2.4%;--awb-spacing-left-medium:2.4%;--awb-width-small:100%;--awb-order-small:0;--awb-spacing-right-small:1.92%;--awb-spacing-left-small:1.92%;\"><div class=\"fusion-column-wrapper fusion-column-has-shadow fusion-flex-justify-content-flex-start fusion-content-layout-column\"><div class=\"fusion-text fusion-text-2\" style=\"--awb-font-size:var(--awb-typography4-font-size);--awb-line-height:var(--awb-typography4-line-height);--awb-letter-spacing:var(--awb-typography4-letter-spacing);--awb-text-transform:var(--awb-typography4-text-transform);--awb-text-color:var(--awb-color7);--awb-text-font-family:var(--awb-typography4-font-family);--awb-text-font-weight:var(--awb-typography4-font-weight);--awb-text-font-style:var(--awb-typography4-font-style);\"><h2><b>Identificaci\u00f3n del responsable<\/b><\/h2>\n<p><span style=\"font-weight: 400;\">En cumplimiento del Reglamento General de Protecci\u00f3n de Datos (Reglamento UE 2016\/679) y la Ley Org\u00e1nica 3\/2018, de Protecci\u00f3n de Datos Personales y garant\u00eda de los derechos digitales, te informamos que el responsable del tratamiento de tus datos personales es:<\/span><span style=\"font-weight: 400;\"><br \/>\n<\/span><span style=\"font-weight: 400;\"><br \/>\n<\/span><span style=\"font-weight: 400;\">BARCINO R+D FORMES I COLORS, S.L., en adelante BARCINO DESIGNS<\/span><span style=\"font-weight: 400;\"><br \/>\n<\/span><span style=\"font-weight: 400;\">CIF: B61855698<\/span><span style=\"font-weight: 400;\"><br \/>\n<\/span><span style=\"font-weight: 400;\">Domicilio: Calle Fusteria, n\u00ba 6, 08002, Barcelona (Espa\u00f1a)<\/span><span style=\"font-weight: 400;\"><br \/>\n<\/span><span style=\"font-weight: 400;\">Tel\u00e9fono: 933 194 188<\/span><span style=\"font-weight: 400;\"><br \/>\n<\/span><span style=\"font-weight: 400;\">Correo electr\u00f3nico: info@barcinodesigns.com<\/span><\/p>\n<h2><b>Finalidad del tratamiento de los datos<\/b><\/h2>\n<p><span style=\"font-weight: 400;\">En BARCINO DESIGNS tratamos tus datos personales con las siguientes finalidades:<\/span><span style=\"font-weight: 400;\"><br \/>\n<\/span><span style=\"font-weight: 400;\">&#8211; Atender las consultas y solicitudes que nos env\u00edes a trav\u00e9s de nuestros formularios de contacto.<\/span><span style=\"font-weight: 400;\"><br \/>\n<\/span><span style=\"font-weight: 400;\">&#8211; Enviarte comunicaciones comerciales sobre nuestros productos y servicios, siempre que nos hayas dado tu consentimiento.<\/span><span style=\"font-weight: 400;\"><br \/>\n<\/span><span style=\"font-weight: 400;\">&#8211; Gestionar tus compras, as\u00ed como el env\u00edo de los productos adquiridos a trav\u00e9s de nuestros canales de venta.<\/span><\/p>\n<h2><b>Base legal para el tratamiento<\/b><\/h2>\n<p><span style=\"font-weight: 400;\">El tratamiento de tus datos se basa en:<\/span><span style=\"font-weight: 400;\"><br \/>\n<\/span><span style=\"font-weight: 400;\">&#8211; Tu consentimiento libre, informado e inequ\u00edvoco.<\/span><span style=\"font-weight: 400;\"><br \/>\n<\/span><span style=\"font-weight: 400;\">&#8211; La ejecuci\u00f3n de un contrato o la aplicaci\u00f3n de medidas precontractuales.<\/span><span style=\"font-weight: 400;\"><br \/>\n<\/span><span style=\"font-weight: 400;\">&#8211; El cumplimiento de obligaciones legales aplicables a BARCINO DESIGNS.<\/span><\/p>\n<h2><b>Plazo de conservaci\u00f3n de los datos<\/b><\/h2>\n<p><span style=\"font-weight: 400;\">Tus datos se conservar\u00e1n mientras se mantenga la relaci\u00f3n contractual o comercial o hasta que solicites su supresi\u00f3n. Una vez finalizada dicha relaci\u00f3n, los datos permanecer\u00e1n bloqueados durante los plazos legalmente establecidos, \u00fanicamente para atender posibles responsabilidades legales.<\/span><\/p>\n<h2><b>Destinatarios de los datos<\/b><\/h2>\n<p><span style=\"font-weight: 400;\">No cederemos tus datos personales a terceros, salvo que sea necesario para prestarte un servicio (como plataformas de pago o empresas de mensajer\u00eda) o exista una obligaci\u00f3n legal. En todo caso, garantizamos que dichos terceros cumplen con la normativa vigente en materia de protecci\u00f3n de datos.<\/span><\/p>\n<h2><b>Derechos del usuario<\/b><\/h2>\n<p><span style=\"font-weight: 400;\">Tienes derecho a:<\/span><span style=\"font-weight: 400;\"><br \/>\n<\/span><span style=\"font-weight: 400;\">&#8211; Acceder a tus datos personales.<\/span><span style=\"font-weight: 400;\"><br \/>\n<\/span><span style=\"font-weight: 400;\">&#8211; Solicitar su rectificaci\u00f3n o supresi\u00f3n.<\/span><span style=\"font-weight: 400;\"><br \/>\n<\/span><span style=\"font-weight: 400;\">&#8211; Limitar u oponerte a su tratamiento.<\/span><span style=\"font-weight: 400;\"><br \/>\n<\/span><span style=\"font-weight: 400;\">&#8211; Solicitar la portabilidad de tus datos.<\/span><span style=\"font-weight: 400;\"><br \/>\n<\/span><span style=\"font-weight: 400;\">&#8211; Retirar tu consentimiento en cualquier momento.<\/span><span style=\"font-weight: 400;\"><br \/>\n<\/span><span style=\"font-weight: 400;\"><br \/>\n<\/span><span style=\"font-weight: 400;\">Para ejercer estos derechos, puedes escribirnos a info@barcinodesigns.com o enviarnos una solicitud por correo postal a la direcci\u00f3n indicada m\u00e1s arriba.<\/span><span style=\"font-weight: 400;\"><br \/>\n<\/span><span style=\"font-weight: 400;\"><br \/>\n<\/span><span style=\"font-weight: 400;\">Adem\u00e1s, si consideras que se ha vulnerado tu derecho a la protecci\u00f3n de datos, puedes presentar una reclamaci\u00f3n ante la Agencia Espa\u00f1ola de Protecci\u00f3n de Datos: www.aepd.es<\/span><\/p>\n<h2><b>Medidas de seguridad<\/b><\/h2>\n<p><span style=\"font-weight: 400;\">En BARCINO DESIGNS aplicamos las medidas t\u00e9cnicas y organizativas necesarias para garantizar la seguridad de tus datos personales, evitando su p\u00e9rdida, alteraci\u00f3n o acceso no autorizado, de acuerdo con el tipo de datos tratados y el estado de la tecnolog\u00eda.<\/span><\/p>\n<h2><b>Modificaciones<\/b><\/h2>\n<p><span style=\"font-weight: 400;\">BARCINO DESIGNS se reserva el derecho de modificar esta pol\u00edtica de privacidad en cualquier momento, especialmente para adaptarla a novedades legislativas o jurisprudenciales. En caso de cambios relevantes, te informaremos debidamente para que puedas revisarlos y, si es necesario, prestar tu consentimiento actualizado.<\/span><\/p>\n<\/div><\/div><\/div><\/div><\/div><\/div><\/p>\n","protected":false},"excerpt":{"rendered":"","protected":false},"author":1,"featured_media":0,"parent":0,"menu_order":0,"comment_status":"closed","ping_status":"closed","template":"100-width.php","meta":{"footnotes":""},"class_list":["post-1501","page","type-page","status-publish","hentry"],"_links":{"self":[{"href":"https:\/\/barcinodesigns.com\/es\/wp-json\/wp\/v2\/pages\/1501","targetHints":{"allow":["GET"]}}],"collection":[{"href":"https:\/\/barcinodesigns.com\/es\/wp-json\/wp\/v2\/pages"}],"about":[{"href":"https:\/\/barcinodesigns.com\/es\/wp-json\/wp\/v2\/types\/page"}],"author":[{"embeddable":true,"href":"https:\/\/barcinodesigns.com\/es\/wp-json\/wp\/v2\/users\/1"}],"replies":[{"embeddable":true,"href":"https:\/\/barcinodesigns.com\/es\/wp-json\/wp\/v2\/comments?post=1501"}],"version-history":[{"count":5,"href":"https:\/\/barcinodesigns.com\/es\/wp-json\/wp\/v2\/pages\/1501\/revisions"}],"predecessor-version":[{"id":4119,"href":"https:\/\/barcinodesigns.com\/es\/wp-json\/wp\/v2\/pages\/1501\/revisions\/4119"}],"wp:attachment":[{"href":"https:\/\/barcinodesigns.com\/es\/wp-json\/wp\/v2\/media?parent=1501"}],"curies":[{"name":"wp","href":"https:\/\/api.w.org\/{rel}","templated":true}]}}