{"id":1497,"date":"2024-02-01T16:05:34","date_gmt":"2024-02-01T16:05:34","guid":{"rendered":"https:\/\/barcinodesigns.com\/aviso-legal"},"modified":"2025-04-23T17:48:46","modified_gmt":"2025-04-23T17:48:46","slug":"aviso-legal","status":"publish","type":"page","link":"https:\/\/barcinodesigns.com\/es\/aviso-legal\/","title":{"rendered":"Aviso legal"},"content":{"rendered":"<p><div id=\"5\" class=\"fusion-container-anchor\"><div class=\"fusion-fullwidth fullwidth-box fusion-builder-row-1 fusion-flex-container video-background has-pattern-background has-mask-background nonhundred-percent-fullwidth non-hundred-percent-height-scrolling\" style=\"--awb-border-radius-top-left:0px;--awb-border-radius-top-right:0px;--awb-border-radius-bottom-right:0px;--awb-border-radius-bottom-left:0px;--awb-margin-top:0px;--awb-margin-bottom:0px;--awb-min-height:450px;--awb-background-image:linear-gradient(45deg, var(--awb-color7) 0%,rgba(255,255,255,0) 59%);--awb-background-size:cover;--awb-flex-wrap:wrap;\" ><div class=\"fullwidth-video\"><video preload=\"auto\" autoplay playsinline loop muted><source src=\"https:\/\/barcinodesigns.com\/wp-content\/uploads\/2024\/01\/BAR_background-1_01_baja_1920x1080.mp4\" type=\"video\/mp4\"><\/video><\/div><div class=\"fullwidth-overlay\" style=\"background-image: linear-gradient(45deg, var(--awb-color7) 0%,rgba(255,255,255,0) 59%);\"><\/div><div class=\"fusion-builder-row fusion-row fusion-flex-align-items-center fusion-flex-justify-content-center fusion-flex-content-wrap\" style=\"max-width:1248px;margin-left: calc(-4% \/ 2 );margin-right: calc(-4% \/ 2 );\"><div class=\"fusion-layout-column fusion_builder_column fusion-builder-column-0 fusion_builder_column_1_1 1_1 fusion-flex-column\" style=\"--awb-bg-size:cover;--awb-width-large:100%;--awb-margin-top-large:64px;--awb-spacing-right-large:1.92%;--awb-margin-bottom-large:20px;--awb-spacing-left-large:1.92%;--awb-width-medium:100%;--awb-order-medium:0;--awb-spacing-right-medium:1.92%;--awb-spacing-left-medium:1.92%;--awb-width-small:100%;--awb-order-small:0;--awb-spacing-right-small:1.92%;--awb-spacing-left-small:1.92%;\" data-scroll-devices=\"small-visibility,medium-visibility,large-visibility\"><div class=\"fusion-column-wrapper fusion-column-has-shadow fusion-flex-justify-content-flex-start fusion-content-layout-column\"><div class=\"fusion-text fusion-text-1\" style=\"--awb-content-alignment:center;--awb-font-size:var(--awb-typography4-font-size);--awb-line-height:var(--awb-typography4-line-height);--awb-letter-spacing:var(--awb-typography4-letter-spacing);--awb-text-transform:var(--awb-typography4-text-transform);--awb-text-font-family:&quot;Montserrat&quot;;--awb-text-font-style:normal;--awb-text-font-weight:700;\"><p>BARCINO<\/p>\n<\/div><div class=\"fusion-title title fusion-title-1 fusion-sep-none fusion-title-center fusion-title-text fusion-title-size-one\" style=\"--awb-margin-top:0px;--awb-font-size:50px;\"><h1 class=\"fusion-title-heading title-heading-center\" style=\"font-family:var(--awb-typography1-font-family);font-weight:var(--awb-typography1-font-weight);font-style:var(--awb-typography1-font-style);margin:0;font-size:1em;line-height:1.2em;text-shadow:0px 2px 9px var(--awb-color7);\">Aviso legal<\/h1><\/div><\/div><\/div><\/div><\/div><\/div><div id=\"2\" class=\"fusion-container-anchor\"><div class=\"fusion-fullwidth fullwidth-box fusion-builder-row-2 fusion-flex-container has-pattern-background has-mask-background nonhundred-percent-fullwidth non-hundred-percent-height-scrolling\" style=\"--awb-border-radius-top-left:0px;--awb-border-radius-top-right:0px;--awb-border-radius-bottom-right:0px;--awb-border-radius-bottom-left:0px;--awb-padding-top:24px;--awb-padding-right:24px;--awb-padding-bottom:24px;--awb-padding-left:24px;--awb-margin-top:0px;--awb-margin-bottom:0px;--awb-background-color:var(--awb-color3);--awb-background-size:cover;--awb-flex-wrap:wrap;\" ><div class=\"fusion-builder-row fusion-row fusion-flex-align-items-flex-start fusion-flex-align-content-center fusion-flex-content-wrap\" style=\"max-width:1248px;margin-left: calc(-4% \/ 2 );margin-right: calc(-4% \/ 2 );\"><div class=\"fusion-layout-column fusion_builder_column fusion-builder-column-1 awb-sticky awb-sticky-small awb-sticky-medium awb-sticky-large fusion_builder_column_1_5 1_5 fusion-flex-column fusion-no-small-visibility\" style=\"--awb-bg-size:cover;--awb-width-large:20%;--awb-margin-top-large:0px;--awb-spacing-right-large:9.6%;--awb-margin-bottom-large:20px;--awb-spacing-left-large:9.6%;--awb-width-medium:20%;--awb-order-medium:0;--awb-spacing-right-medium:9.6%;--awb-spacing-left-medium:9.6%;--awb-width-small:100%;--awb-order-small:0;--awb-spacing-right-small:1.92%;--awb-spacing-left-small:1.92%;\"><div class=\"fusion-column-wrapper fusion-column-has-shadow fusion-flex-justify-content-flex-start fusion-content-layout-column\"><div class=\"fusion-image-element \" style=\"text-align:right;--awb-max-width:100px;--awb-caption-title-font-family:var(--h2_typography-font-family);--awb-caption-title-font-weight:var(--h2_typography-font-weight);--awb-caption-title-font-style:var(--h2_typography-font-style);--awb-caption-title-size:var(--h2_typography-font-size);--awb-caption-title-transform:var(--h2_typography-text-transform);--awb-caption-title-line-height:var(--h2_typography-line-height);--awb-caption-title-letter-spacing:var(--h2_typography-letter-spacing);\"><span class=\" fusion-imageframe imageframe-none imageframe-1 hover-type-none\"><img decoding=\"async\" width=\"200\" height=\"200\" title=\"bar_simbol_blau\" src=\"https:\/\/barcinodesigns.com\/wp-content\/uploads\/2024\/01\/bar_simbol_blau.png\" alt class=\"img-responsive wp-image-783\" srcset=\"https:\/\/barcinodesigns.com\/wp-content\/uploads\/2024\/01\/bar_simbol_blau-66x66.png 66w, https:\/\/barcinodesigns.com\/wp-content\/uploads\/2024\/01\/bar_simbol_blau-150x150.png 150w, https:\/\/barcinodesigns.com\/wp-content\/uploads\/2024\/01\/bar_simbol_blau.png 200w\" sizes=\"(max-width: 200px) 100vw, 200px\" \/><\/span><\/div><\/div><\/div><div class=\"fusion-layout-column fusion_builder_column fusion-builder-column-2 fusion_builder_column_4_5 4_5 fusion-flex-column\" style=\"--awb-bg-size:cover;--awb-width-large:80%;--awb-margin-top-large:0px;--awb-spacing-right-large:2.4%;--awb-margin-bottom-large:20px;--awb-spacing-left-large:2.4%;--awb-width-medium:80%;--awb-order-medium:0;--awb-spacing-right-medium:2.4%;--awb-spacing-left-medium:2.4%;--awb-width-small:100%;--awb-order-small:0;--awb-spacing-right-small:1.92%;--awb-spacing-left-small:1.92%;\"><div class=\"fusion-column-wrapper fusion-column-has-shadow fusion-flex-justify-content-flex-start fusion-content-layout-column\"><div class=\"fusion-text fusion-text-2\" style=\"--awb-font-size:var(--awb-typography4-font-size);--awb-line-height:var(--awb-typography4-line-height);--awb-letter-spacing:var(--awb-typography4-letter-spacing);--awb-text-transform:var(--awb-typography4-text-transform);--awb-text-color:var(--awb-color7);--awb-text-font-family:var(--awb-typography4-font-family);--awb-text-font-weight:var(--awb-typography4-font-weight);--awb-text-font-style:var(--awb-typography4-font-style);\"><p><span style=\"font-weight: 400;\">En cumplimiento con lo establecido en la <strong>Ley 34\/2002<\/strong>, de 11 de julio, de Servicios de la Sociedad de la Informaci\u00f3n y de Comercio Electr\u00f3nico (LSSI-CE), se informa que el presente sitio web es propiedad de:<\/span><\/p>\n<p><span style=\"font-weight: 400;\">Raz\u00f3n social: <strong>BARCINO R+D FORMES I COLORS, S.L.<\/strong> (en adelante, <strong>BARCINO DESIGNS<\/strong>)<br \/>\n<\/span><span style=\"font-weight: 400;\">CIF: B61855698<br \/>\n<\/span><span style=\"font-weight: 400;\">Domicilio social: Calle Fusteria, n\u00famero 6, 08002, Barcelona (Espa\u00f1a)<br \/>\n<\/span><span style=\"font-weight: 400;\">Tel\u00e9fono: 933 194 188<br \/>\n<\/span><span style=\"font-weight: 400;\">Correo electr\u00f3nico de contacto: info@barcinodesigns.com<br \/>\n<\/span><span style=\"font-weight: 400;\">Sitio web: www.barcinodesigns.com<\/span><\/p>\n<p><span style=\"font-weight: 400;\"><strong>BARCINO DESIGNS<\/strong> es una empresa de Barcelona dedicada al dise\u00f1o y fabricaci\u00f3n de esculturas decorativas en mosaico de estilo moderno e inspiraci\u00f3n modernista con la t\u00e9cnica del trencad\u00eds de Gaud\u00ed.<\/span><\/p>\n<p><span style=\"font-weight: 400;\">El acceso y uso de este sitio web atribuye la condici\u00f3n de usuario, implicando la aceptaci\u00f3n plena y sin reservas de las condiciones recogidas en el presente Aviso Legal, que podr\u00e1n ser modificadas por <strong>BARCINO DESIGNS<\/strong> en cualquier momento, sin necesidad de previo aviso.<\/span><\/p>\n<p><span style=\"font-weight: 400;\">La finalidad del tratamiento de los datos personales recabados a trav\u00e9s de este sitio web es la gesti\u00f3n de clientes, consultas y el env\u00edo de comunicaciones informativas y comerciales relacionadas con los productos y servicios de <strong>BARCINO DESIGNS<\/strong>.<\/span><\/p>\n<p><span style=\"font-weight: 400;\">La base legal para el tratamiento de los datos es el consentimiento del usuario, as\u00ed como la ejecuci\u00f3n de un contrato o relaci\u00f3n precontractual cuando proceda. El usuario podr\u00e1 revocar este consentimiento en cualquier momento sin afectar a la licitud del tratamiento basado en el consentimiento previo.<\/span><\/p>\n<p><span style=\"font-weight: 400;\">Los datos personales se conservar\u00e1n durante el tiempo necesario para cumplir con la finalidad para la que se recaban, y posteriormente se mantendr\u00e1n debidamente bloqueados conforme a los plazos legales de conservaci\u00f3n.<\/span><\/p>\n<p><span style=\"font-weight: 400;\">El usuario tiene derecho a acceder, rectificar y suprimir sus datos, as\u00ed como otros derechos, que puede ejercer dirigi\u00e9ndose por escrito a BARCINO DESIGNS, Calle Fusteria, 6, 08002 Barcelona, o al correo info@barcinodesigns.com.<\/span><\/p>\n<p><span style=\"font-weight: 400;\"><strong>BARCINO DESIGNS<\/strong> se compromete a garantizar la seguridad y confidencialidad de los datos personales, adoptando las medidas necesarias para evitar su alteraci\u00f3n, p\u00e9rdida, tratamiento o acceso no autorizado, conforme al Reglamento General de Protecci\u00f3n de Datos (RGPD).<\/span><\/p>\n<p><span style=\"font-weight: 400;\">La propiedad intelectual e industrial de todos los contenidos del sitio web, incluyendo textos, im\u00e1genes, dise\u00f1os y logotipos, pertenece a BARCINO DESIGNS, o dispone de los derechos necesarios para su uso y reproducci\u00f3n. Queda prohibida su reproducci\u00f3n total o parcial sin autorizaci\u00f3n expresa.<\/span><\/p>\n<p><span style=\"font-weight: 400;\">Este sitio web puede contener enlaces a p\u00e1ginas externas sobre las que BARCINO DESIGNS no tiene control. Por tanto, no se hace responsable del contenido, pol\u00edticas de privacidad ni del tratamiento de datos que dichas p\u00e1ginas puedan realizar.<\/span><\/p>\n<p><span style=\"font-weight: 400;\"><strong>BARCINO DESIGNS<\/strong> podr\u00e1 modificar este Aviso Legal en cualquier momento, adapt\u00e1ndolo a novedades legislativas o cambios en su actividad, informando al usuario de cualquier modificaci\u00f3n relevante que afecte al tratamiento de sus datos personales.<\/span><\/p>\n<\/div><\/div><\/div><\/div><\/div><\/div><\/p>\n","protected":false},"excerpt":{"rendered":"","protected":false},"author":1,"featured_media":0,"parent":0,"menu_order":0,"comment_status":"closed","ping_status":"closed","template":"100-width.php","meta":{"footnotes":""},"class_list":["post-1497","page","type-page","status-publish","hentry"],"_links":{"self":[{"href":"https:\/\/barcinodesigns.com\/es\/wp-json\/wp\/v2\/pages\/1497","targetHints":{"allow":["GET"]}}],"collection":[{"href":"https:\/\/barcinodesigns.com\/es\/wp-json\/wp\/v2\/pages"}],"about":[{"href":"https:\/\/barcinodesigns.com\/es\/wp-json\/wp\/v2\/types\/page"}],"author":[{"embeddable":true,"href":"https:\/\/barcinodesigns.com\/es\/wp-json\/wp\/v2\/users\/1"}],"replies":[{"embeddable":true,"href":"https:\/\/barcinodesigns.com\/es\/wp-json\/wp\/v2\/comments?post=1497"}],"version-history":[{"count":5,"href":"https:\/\/barcinodesigns.com\/es\/wp-json\/wp\/v2\/pages\/1497\/revisions"}],"predecessor-version":[{"id":4115,"href":"https:\/\/barcinodesigns.com\/es\/wp-json\/wp\/v2\/pages\/1497\/revisions\/4115"}],"wp:attachment":[{"href":"https:\/\/barcinodesigns.com\/es\/wp-json\/wp\/v2\/media?parent=1497"}],"curies":[{"name":"wp","href":"https:\/\/api.w.org\/{rel}","templated":true}]}}